{"id":97389,"date":"2025-09-04T18:03:18","date_gmt":"2025-09-04T18:03:18","guid":{"rendered":"https:\/\/resistenciamex.com\/?page_id=97389"},"modified":"2025-09-04T18:04:52","modified_gmt":"2025-09-04T18:04:52","slug":"quienes-somos","status":"publish","type":"page","link":"https:\/\/resistenciamex.com\/index.php\/quienes-somos\/","title":{"rendered":"\u00bfQui\u00e9nes Somos?"},"content":{"rendered":"\t\t<div data-elementor-type=\"wp-page\" data-elementor-id=\"97389\" class=\"elementor elementor-97389\">\n\t\t\t\t<div class=\"elementor-element elementor-element-dd82e35 e-flex e-con-boxed e-con e-parent\" data-id=\"dd82e35\" data-element_type=\"container\">\n\t\t\t\t\t<div class=\"e-con-inner\">\n\t\t<div class=\"elementor-element elementor-element-cea9a7b e-con-full e-flex e-con e-child\" data-id=\"cea9a7b\" data-element_type=\"container\">\n\t\t\t\t<div class=\"elementor-element elementor-element-81e76d5 elementor-widget elementor-widget-text-editor\" data-id=\"81e76d5\" data-element_type=\"widget\" data-widget_type=\"text-editor.default\">\n\t\t\t\t<div class=\"elementor-widget-container\">\n\t\t\t\t\t\t\t\t\t<p><br \/>En Resistenciamex.com creemos en la organizaci\u00f3n, la justicia y la memoria hist\u00f3rica. Informamos desde la resistencia para transformar desde las ra\u00edces.<br \/><strong>Formamos parte de Medios Digitales Nacionales<\/strong>, una comunidad de medios con visi\u00f3n social.<\/p>\t\t\t\t\t\t\t\t<\/div>\n\t\t\t\t<\/div>\n\t\t\t\t<\/div>\n\t\t<div class=\"elementor-element elementor-element-fa6639d e-con-full e-flex e-con e-child\" data-id=\"fa6639d\" data-element_type=\"container\">\n\t\t\t\t<div class=\"elementor-element elementor-element-a0fd122 elementor-widget elementor-widget-image\" data-id=\"a0fd122\" data-element_type=\"widget\" data-widget_type=\"image.default\">\n\t\t\t\t<div class=\"elementor-widget-container\">\n\t\t\t\t\t\t\t\t\t\t\t\t\t\t\t<img fetchpriority=\"high\" decoding=\"async\" width=\"500\" height=\"500\" src=\"https:\/\/resistenciamex.com\/wp-content\/uploads\/2025\/09\/RESISTENCIA-3.png\" class=\"attachment-large size-large wp-image-97391\" alt=\"\" srcset=\"https:\/\/resistenciamex.com\/wp-content\/uploads\/2025\/09\/RESISTENCIA-3.png 500w, https:\/\/resistenciamex.com\/wp-content\/uploads\/2025\/09\/RESISTENCIA-3-300x300.png 300w, https:\/\/resistenciamex.com\/wp-content\/uploads\/2025\/09\/RESISTENCIA-3-150x150.png 150w, https:\/\/resistenciamex.com\/wp-content\/uploads\/2025\/09\/RESISTENCIA-3-100x100.png 100w\" sizes=\"(max-width: 500px) 100vw, 500px\" \/>\t\t\t\t\t\t\t\t\t\t\t\t\t\t\t<\/div>\n\t\t\t\t<\/div>\n\t\t\t\t<\/div>\n\t\t\t\t\t<\/div>\n\t\t\t\t<\/div>\n\t\t\t\t<\/div>\n\t\t","protected":false},"excerpt":{"rendered":"<p>En Resistenciamex.com creemos en la organizaci\u00f3n, la justicia y la memoria hist\u00f3rica. Informamos desde la resistencia para transformar desde las ra\u00edces.Formamos parte de Medios Digitales Nacionales, una comunidad de medios con visi\u00f3n social.<\/p>\n","protected":false},"author":1,"featured_media":97391,"parent":0,"menu_order":0,"comment_status":"closed","ping_status":"closed","template":"","meta":{"footnotes":""},"class_list":["post-97389","page","type-page","status-publish","has-post-thumbnail","hentry"],"_links":{"self":[{"href":"https:\/\/resistenciamex.com\/index.php\/wp-json\/wp\/v2\/pages\/97389","targetHints":{"allow":["GET"]}}],"collection":[{"href":"https:\/\/resistenciamex.com\/index.php\/wp-json\/wp\/v2\/pages"}],"about":[{"href":"https:\/\/resistenciamex.com\/index.php\/wp-json\/wp\/v2\/types\/page"}],"author":[{"embeddable":true,"href":"https:\/\/resistenciamex.com\/index.php\/wp-json\/wp\/v2\/users\/1"}],"replies":[{"embeddable":true,"href":"https:\/\/resistenciamex.com\/index.php\/wp-json\/wp\/v2\/comments?post=97389"}],"version-history":[{"count":4,"href":"https:\/\/resistenciamex.com\/index.php\/wp-json\/wp\/v2\/pages\/97389\/revisions"}],"predecessor-version":[{"id":97394,"href":"https:\/\/resistenciamex.com\/index.php\/wp-json\/wp\/v2\/pages\/97389\/revisions\/97394"}],"wp:featuredmedia":[{"embeddable":true,"href":"https:\/\/resistenciamex.com\/index.php\/wp-json\/wp\/v2\/media\/97391"}],"wp:attachment":[{"href":"https:\/\/resistenciamex.com\/index.php\/wp-json\/wp\/v2\/media?parent=97389"}],"curies":[{"name":"wp","href":"https:\/\/api.w.org\/{rel}","templated":true}]}}